{"id":1754,"date":"2015-12-01T00:00:00","date_gmt":"2015-12-01T00:00:00","guid":{"rendered":"https:\/\/www.aclutx.org\/about-us\/"},"modified":"2015-12-01T00:00:00","modified_gmt":"2015-12-01T06:00:00","slug":"about-us","status":"publish","type":"page","link":"https:\/\/www.aclutx.org\/es\/about-us\/","title":{"rendered":"Qui\u00e9nes somos"},"content":{"rendered":"<p style=\"line-height:1.2\">La Uni\u00f3n Americana de Libertades Civiles (ACLU por sus siglas en ingl\u00e9s) de Texas es una organizaci\u00f3n l\u00edder en derechos civiles en el estado de la estrella solitaria.&nbsp;<\/p>\n<p><strong>Nuestra visi\u00f3n:<\/strong> Desde Amarillo hasta Brownsville y desde Beaumont hasta El Paso, creemos en un Texas que funcione para todas las personas. Creemos en un Texas donde la voz de cada persona cuenta por igual en las decisiones que dan forma a nuestro futuro y donde toda persona pueda construir una buena vida.<\/p>\n<p><strong>Nuestra misi\u00f3n:<\/strong> La ACLU de Texas trabaja en la comunidad, en el Capitolio del estado y en los tribunales para proteger y promover los derechos y libertades civiles de todas las personas en Texas, sin excepciones.<\/p>\n<p>Comenzamos nuestro trabajo en Texas con la huelga de trabajadores desgranadores de nueces pecanas de San Antonio en 1938, donde trabajadores que intentaron ejercer sus derechos a la libertad de expresi\u00f3n y de asociaci\u00f3n para mejorar sus condiciones laborales se encontraron con una respuesta brutal por parte de las autoridades. Con nuestra ayuda, los trabajadores finalmente ganaron su batalla, y desde entonces, la ACLU de Texas ha permanecido al frente de la lucha por los derechos y libertades civiles.<\/p>\n<p>Hoy, la ACLU de Texas contin\u00faa ese trabajo a lo largo de todo el estado. Abogamos en seis \u00e1reas tem\u00e1ticas:<\/p>\n<ul>\n<li><a href=\"https:\/\/www.aclutx.org\/es\/issues\/immigrants-rights\/\">Derechos en la frontera y de inmigrantes<\/a><\/li>\n<li><a href=\"https:\/\/www.aclutx.org\/issues\/free-speech\/\">Libertad de expresi\u00f3n y pluralismo<\/a><\/li>\n<li><a href=\"https:\/\/www.aclutx.org\/es\/issues\/lgbtq-equality\/\">Igualdad LGBTQIA+<\/a><\/li>\n<li><a href=\"https:\/\/www.aclutx.org\/es\/issues\/reproductive-freedom\/\">Libertad reproductiva<\/a><\/li>\n<li><a href=\"https:\/\/www.aclutx.org\/es\/issues\/smart-justice\/\">Justicia inteligente<\/a><\/li>\n<li><a href=\"https:\/\/www.aclutx.org\/es\/issues\/voting-rights\/\">Derecho al voto y democracia<\/a><\/li>\n<\/ul>\n<p>No hacemos, ni podr\u00edamos, hacer este trabajo por cuenta propia. Cada persona desempe\u00f1a un papel importante para crear un cambio de verdad.<\/p>\n<p><strong>Participa en la ACLU de Texas <a href=\"https:\/\/action.aclu.org\/give\/texas-join-renew-today\">convirti\u00e9ndote en miembro<\/a>, <a href=\"https:\/\/www.aclutx.org\/act\/\">tomando acci\u00f3n<\/a> y <a href=\"https:\/\/action.aclu.org\/signup\/tx-email-updates\">manteni\u00e9ndote al tanto<\/a>.<\/strong><\/p>\n<p>&nbsp;<\/p>\n","protected":false},"excerpt":{"rendered":"<p>La Uni\u00f3n Americana de Libertades Civiles (ACLU por sus siglas en ingl\u00e9s) de Texas es una organizaci\u00f3n l\u00edder en derechos civiles en el estado de la estrella solitaria.&nbsp; Nuestra visi\u00f3n: Desde Amarillo hasta Brownsville y desde Beaumont hasta El Paso, creemos en un Texas que funcione para todas las personas. Creemos en un Texas donde [&hellip;]<\/p>\n","protected":false},"author":5,"featured_media":0,"parent":0,"menu_order":0,"comment_status":"closed","ping_status":"closed","template":"","meta":{"_acf_changed":false,"_relevanssi_hide_post":"","_relevanssi_hide_content":"","_relevanssi_pin_for_all":"","_relevanssi_pin_keywords":"","_relevanssi_unpin_keywords":"","_relevanssi_related_keywords":"","_relevanssi_related_include_ids":"","_relevanssi_related_exclude_ids":"","_relevanssi_related_no_append":"","_relevanssi_related_not_related":"","_relevanssi_related_posts":"","_relevanssi_noindex_reason":"","footnotes":""},"class_list":["post-1754","page","type-page","status-publish","hentry"],"acf":{"layout":"default","header-group":{"header-description":"","show-subnav":false,"hide-from-subnav":false},"components":[{"acf_fc_layout":"notice","notice":{"":null,"title":"","text":"","color-scheme":"white"}},{"acf_fc_layout":"notice","notice":{"":null,"title":"","text":"","color-scheme":"white"}},{"acf_fc_layout":"shared-expandable-card","shared-expandable-card":{"":null,"title":"","description":"","content":"","link":"","link_button_text":"","image":null,"width":"full"}},{"acf_fc_layout":"shared-expandable-card","shared-expandable-card":{"":null,"title":"","description":"","content":"","link":"","link_button_text":"","image":null,"width":"full"}},{"acf_fc_layout":"shared-expandable-card","shared-expandable-card":{"":null,"title":"","description":"","content":"","link":"","link_button_text":"","image":null,"width":"full"}},{"acf_fc_layout":"heading","heading":{"":null,"text":"","anchor":"","sub-heading":"","type":"h2","heading-style":"standard"}},{"acf_fc_layout":"content_collection","content_collection":{"":null,"content_links":null,"display_type":"grid","hide_images":false}}],"section":null,"issues":"","related_content":"","documents":null},"yoast_head":"<!-- This site is optimized with the Yoast SEO plugin v24.9 - https:\/\/yoast.com\/wordpress\/plugins\/seo\/ -->\n<title>Qui\u00e9nes somos - ACLU of Texas<\/title>\n<meta name=\"robots\" content=\"index, follow, max-snippet:-1, max-image-preview:large, max-video-preview:-1\" \/>\n<link rel=\"canonical\" href=\"https:\/\/www.aclutx.org\/es\/about-us\/\" \/>\n<meta property=\"og:locale\" content=\"es_ES\" \/>\n<meta property=\"og:type\" content=\"article\" \/>\n<meta property=\"og:title\" content=\"Qui\u00e9nes somos - ACLU of Texas\" \/>\n<meta property=\"og:description\" content=\"La Uni\u00f3n Americana de Libertades Civiles (ACLU por sus siglas en ingl\u00e9s) de Texas es una organizaci\u00f3n l\u00edder en derechos civiles en el estado de la estrella solitaria.&nbsp; Nuestra visi\u00f3n: Desde Amarillo hasta Brownsville y desde Beaumont hasta El Paso, creemos en un Texas que funcione para todas las personas. Creemos en un Texas donde [&hellip;]\" \/>\n<meta property=\"og:url\" content=\"https:\/\/www.aclutx.org\/es\/about-us\/\" \/>\n<meta property=\"og:site_name\" content=\"ACLU of Texas\" \/>\n<meta property=\"article:modified_time\" content=\"2015-12-01T06:00:00+00:00\" \/>\n<meta property=\"og:image\" content=\"https:\/\/www.aclutx.org\/app\/themes\/aclu-parent\/img\/default_fb_share.jpg\" \/>\n<meta name=\"twitter:card\" content=\"summary_large_image\" \/>\n<script type=\"application\/ld+json\" class=\"yoast-schema-graph\">{\"@context\":\"https:\/\/schema.org\",\"@graph\":[{\"@type\":\"WebPage\",\"@id\":\"https:\/\/www.aclutx.org\/es\/about-us\/\",\"url\":\"https:\/\/www.aclutx.org\/es\/about-us\/\",\"name\":\"Qui\u00e9nes somos - ACLU of Texas\",\"isPartOf\":{\"@id\":\"https:\/\/www.aclutx.org\/#website\"},\"datePublished\":\"2015-12-01T00:00:00+00:00\",\"dateModified\":\"2015-12-01T06:00:00+00:00\",\"inLanguage\":\"es-ES\",\"potentialAction\":[{\"@type\":\"ReadAction\",\"target\":[\"https:\/\/www.aclutx.org\/es\/about-us\/\"]}]},{\"@type\":\"WebSite\",\"@id\":\"https:\/\/www.aclutx.org\/#website\",\"url\":\"https:\/\/www.aclutx.org\/\",\"name\":\"ACLU of Texas\",\"description\":\"\",\"publisher\":{\"@id\":\"https:\/\/www.aclutx.org\/#organization\"},\"potentialAction\":[{\"@type\":\"SearchAction\",\"target\":{\"@type\":\"EntryPoint\",\"urlTemplate\":\"https:\/\/www.aclutx.org\/?s={search_term_string}\"},\"query-input\":{\"@type\":\"PropertyValueSpecification\",\"valueRequired\":true,\"valueName\":\"search_term_string\"}}],\"inLanguage\":\"es-ES\"},{\"@type\":\"Organization\",\"@id\":\"https:\/\/www.aclutx.org\/#organization\",\"name\":\"ACLU of Texas\",\"url\":\"https:\/\/www.aclutx.org\/\",\"logo\":{\"@type\":\"ImageObject\",\"inLanguage\":\"es-ES\",\"@id\":\"https:\/\/www.aclutx.org\/#\/schema\/logo\/image\/\",\"url\":\"https:\/\/www.aclutx.org\/app\/uploads\/2025\/08\/Texas_Color-Logo_RGB-1.png\",\"contentUrl\":\"https:\/\/www.aclutx.org\/app\/uploads\/2025\/08\/Texas_Color-Logo_RGB-1.png\",\"width\":2000,\"height\":2000,\"caption\":\"ACLU of Texas\"},\"image\":{\"@id\":\"https:\/\/www.aclutx.org\/#\/schema\/logo\/image\/\"}}]}<\/script>\n<!-- \/ Yoast SEO plugin. -->","yoast_head_json":{"title":"Qui\u00e9nes somos - ACLU of Texas","robots":{"index":"index","follow":"follow","max-snippet":"max-snippet:-1","max-image-preview":"max-image-preview:large","max-video-preview":"max-video-preview:-1"},"canonical":"https:\/\/www.aclutx.org\/es\/about-us\/","og_locale":"es_ES","og_type":"article","og_title":"Qui\u00e9nes somos - ACLU of Texas","og_description":"La Uni\u00f3n Americana de Libertades Civiles (ACLU por sus siglas en ingl\u00e9s) de Texas es una organizaci\u00f3n l\u00edder en derechos civiles en el estado de la estrella solitaria.&nbsp; Nuestra visi\u00f3n: Desde Amarillo hasta Brownsville y desde Beaumont hasta El Paso, creemos en un Texas que funcione para todas las personas. Creemos en un Texas donde [&hellip;]","og_url":"https:\/\/www.aclutx.org\/es\/about-us\/","og_site_name":"ACLU of Texas","article_modified_time":"2015-12-01T06:00:00+00:00","og_image":[{"url":"https:\/\/www.aclutx.org\/app\/themes\/aclu-parent\/img\/default_fb_share.jpg","type":"","width":"","height":""}],"twitter_card":"summary_large_image","schema":{"@context":"https:\/\/schema.org","@graph":[{"@type":"WebPage","@id":"https:\/\/www.aclutx.org\/es\/about-us\/","url":"https:\/\/www.aclutx.org\/es\/about-us\/","name":"Qui\u00e9nes somos - ACLU of Texas","isPartOf":{"@id":"https:\/\/www.aclutx.org\/#website"},"datePublished":"2015-12-01T00:00:00+00:00","dateModified":"2015-12-01T06:00:00+00:00","inLanguage":"es-ES","potentialAction":[{"@type":"ReadAction","target":["https:\/\/www.aclutx.org\/es\/about-us\/"]}]},{"@type":"WebSite","@id":"https:\/\/www.aclutx.org\/#website","url":"https:\/\/www.aclutx.org\/","name":"ACLU of Texas","description":"","publisher":{"@id":"https:\/\/www.aclutx.org\/#organization"},"potentialAction":[{"@type":"SearchAction","target":{"@type":"EntryPoint","urlTemplate":"https:\/\/www.aclutx.org\/?s={search_term_string}"},"query-input":{"@type":"PropertyValueSpecification","valueRequired":true,"valueName":"search_term_string"}}],"inLanguage":"es-ES"},{"@type":"Organization","@id":"https:\/\/www.aclutx.org\/#organization","name":"ACLU of Texas","url":"https:\/\/www.aclutx.org\/","logo":{"@type":"ImageObject","inLanguage":"es-ES","@id":"https:\/\/www.aclutx.org\/#\/schema\/logo\/image\/","url":"https:\/\/www.aclutx.org\/app\/uploads\/2025\/08\/Texas_Color-Logo_RGB-1.png","contentUrl":"https:\/\/www.aclutx.org\/app\/uploads\/2025\/08\/Texas_Color-Logo_RGB-1.png","width":2000,"height":2000,"caption":"ACLU of Texas"},"image":{"@id":"https:\/\/www.aclutx.org\/#\/schema\/logo\/image\/"}}]}},"distributor_meta":false,"distributor_terms":false,"distributor_media":false,"distributor_original_site_name":"ACLU of Texas","distributor_original_site_url":"https:\/\/www.aclutx.org\/es\/","push-errors":false,"_links":{"self":[{"href":"https:\/\/www.aclutx.org\/es\/wp-json\/wp\/v2\/pages\/1754","targetHints":{"allow":["GET"]}}],"collection":[{"href":"https:\/\/www.aclutx.org\/es\/wp-json\/wp\/v2\/pages"}],"about":[{"href":"https:\/\/www.aclutx.org\/es\/wp-json\/wp\/v2\/types\/page"}],"author":[{"embeddable":true,"href":"https:\/\/www.aclutx.org\/es\/wp-json\/wp\/v2\/users\/5"}],"replies":[{"embeddable":true,"href":"https:\/\/www.aclutx.org\/es\/wp-json\/wp\/v2\/comments?post=1754"}],"version-history":[{"count":0,"href":"https:\/\/www.aclutx.org\/es\/wp-json\/wp\/v2\/pages\/1754\/revisions"}],"wp:attachment":[{"href":"https:\/\/www.aclutx.org\/es\/wp-json\/wp\/v2\/media?parent=1754"}],"curies":[{"name":"wp","href":"https:\/\/api.w.org\/{rel}","templated":true}]}}