{"id":1758,"date":"2015-12-01T00:00:00","date_gmt":"2015-12-01T00:00:00","guid":{"rendered":"https:\/\/www.aclutx.org\/solicitud-de-asistencia-legal\/"},"modified":"2015-12-01T00:00:00","modified_gmt":"2015-12-01T06:00:00","slug":"solicitud-de-asistencia-legal","status":"publish","type":"page","link":"https:\/\/www.aclutx.org\/es\/solicitud-de-asistencia-legal\/","title":{"rendered":"Solicitud de Asistencia Legal"},"content":{"rendered":"<p>Lea la informaci\u00f3n detallada a continuaci\u00f3n y complete los datos. La ACLU de&nbsp;Texas no trabaja con denuncias efectuadas por tel\u00e9fono o personalmente por presentaci\u00f3n espont\u00e1nea.<\/p>\n<p>El formulario de denuncia de la ACLU Foundation of Texas se dise\u00f1\u00f3 para facilitar la evaluaci\u00f3n de las violaciones alegadas. Sea lo m\u00e1s espec\u00edfico y detallado posible al completar el formulario; es muy importante que todas las respuestas sean precisas y completas.<\/p>\n<p>El objetivo de la ACLU Foundation of Texas es la resoluci\u00f3n de las violaciones a las garant\u00edas constitucionales.<\/p>\n<p>Sin embargo, no contamos con recursos suficientes y, por lo tanto, trabajamos con casos de material importancia constitucional o referidos a las garant\u00edas constitucionales que afecten a los individuos en general. No podemos aceptar todos los casos que se nos presenten. La ACLU Foundation of Texas debe avocar sus escasos recursos a las causas de mayor envergadura; nos vemos restringidos en el n\u00famero de casos que podemos aceptar, a\u00fan cuando \u00e9stos involucren serias violaciones a los derechos. Si nuestra sede no acepta trabajar con alguna denuncia efectuada por Ud. no implica que el caso carezca de m\u00e9rito.<\/p>\n<p>En caso de necesitar mayor informaci\u00f3n, tenemos su direcci\u00f3n y\/o tel\u00e9fono para solicitar la documentaci\u00f3n pertinente. Los archivos se eliminan luego de transcurridos seis meses.<\/p>\n<p>Puede ocurrir que su acci\u00f3n o denuncia est\u00e9n sujetas a plazos liberatorios. Si tiene razones para pensar que su acci\u00f3n est\u00e1 pronta a prescribir, debe recurrir a la ayuda profesional de un abogado particular en lugar de recurrir al proceso de denuncia de la ACLU para proteger su derecho. La ACLU no ofrece un servicio de asignaci\u00f3n de abogados. Puede consultar los siguientes sitios para acceder a listados de abogados o a informaci\u00f3n sobre organizaciones que prestan asistencia legal a ciudadanos de bajos recursos en Texas:<\/p>\n<ul>\n<li><strong><a href=\"http:\/\/www.texasbar.com\/\">Texas Bar Lawyer Referral Service<\/a><\/strong> (haga clic en \u201cfind a lawyer\u201d) o comun\u00edquese al 1-877-9TEXBAR (l\u00ednea gratuita)<\/li>\n<li><strong><a href=\"http:\/\/www.trla.org\/\">Texas Rio Grande Legal Aid<\/a><\/strong> or llame sin costo al 1-888-988-9996<\/li>\n<li><strong><a href=\"http:\/\/www.texasatj.org\/\">Texas Access to Justice Commission<\/a><\/strong> (haga clic en \u201cfind legal assistance\u201d) o comun\u00edquese al 800-204-2222 int. 2155<\/li>\n<li><strong><a href=\"http:\/\/www.texaslawhelp.org\/tx\/index.cfm\">Texas Law Help<\/a><\/strong><\/li>\n<\/ul>\n<p><strong>Casos en los cuales trabajamos<\/strong><br \/>Lea la informaci\u00f3n detallada a continuaci\u00f3n y complete los datos referidos a su solicitud seg\u00fan se piden. Al decidir si aceptar un caso, la ACLU Foundation of Texas analiza las siguientes consideraciones:<\/p>\n<p><strong>(1) <i>\u00bfEl caso involucra garant\u00edas constitucionales y derechos civiles?<\/i><\/strong><br \/>Las garant\u00edas constitucionales incluyen la libertad de expresi\u00f3n, de prensa, de culto y de asociaci\u00f3n; la legalidad procesal; la igualdad jur\u00eddica; y el derecho a la privacidad. Los derechos civiles incluyen, entre otros, el derecho al sufragio; la protecci\u00f3n frente a actos de discriminaci\u00f3n por causa de discapacidad, origen racial, g\u00e9nero, orientaci\u00f3n sexual, origen religioso o nacionalidad y reformas policiales.<\/p>\n<p>Dada la particular naturaleza de los reclamos por violaciones a garant\u00edas constitucionales, no es com\u00fan que la ACLU Foundation of Texas acepte casos en los cuales no est\u00e9 involucrado el Estado.<\/p>\n<p>Si desea conocer cu\u00e1les son los casos con los cuales trabaja la ACLU, visite el sitio de Internet <strong><a href=\"http:\/\/www.aclu.org\/\">de la&nbsp;ACLU nacional<\/a><\/strong>.<\/p>\n<p><strong>(2) <i> \u00bfExisten posibilidades de que el tribunal se expida sobre la garant\u00eda constitucional en cuesti\u00f3n? <\/i><\/strong><br \/>La ACLU com\u00fanmente trabaja con casos que no involucran hechos controvertidos que sean muy complicados sino aquellos que impliquen simplemente una cuesti\u00f3n de derecho. Un ejemplo de un caso con hechos controvertidos muy intricados es una acci\u00f3n por discriminaci\u00f3n en el lugar de trabajo: el empleador alega que el despido se efectu\u00f3 por mal desempe\u00f1o y cuenta con pruebas s\u00f3lidas para demostrarlo, mientras que el empleado presenta objeciones a dichos medios de prueba y los que \u00e9ste presenta tambi\u00e9n cuentan con credibilidad. Dado que las acciones laborales dependen en alto grado de los alegatos de hecho, es poco frecuente que la&nbsp;<i>ACLU Foundation of Texas<\/i> acepte trabajar en estos casos.<\/p>\n<p>En general, no aceptamos trabajar con casos con hechos controvertidos porque: (1) si el juzgado falla en favor de la parte contraria, puede ocurrir que no llegue a revisar la cuesti\u00f3n referida a las garant\u00edas constitucionales o derechos civiles; (2) si la decisi\u00f3n del tribunal se funda en los hechos espec\u00edficos del caso, es muy probable que el fallo carezca de la generalidad suficiente para beneficiar a m\u00e1s personas; y (3) no contamos con el n\u00famero de abogados pro bono o remunerados necesarios para dedicar tiempo a la resoluci\u00f3n de las controversias de hecho.<\/p>\n<p><strong>(3) <i>Las consecuencias en el futuro, por ejemplo: <\/i><\/strong><\/p>\n<ul>\n<li>\u00bfEl fallo sentar\u00e1 jurisprudencia respecto de la garant\u00eda constitucional en cuesti\u00f3n?<\/li>\n<li>\u00bfEl fallo reforzar\u00e1 la jurisprudencia existente, la cual ha pasado inadvertida?<\/li>\n<li>\u00bfQu\u00e9 margen de \u00e9xito o p\u00e9rdida del caso existe?<\/li>\n<li>\u00bfLa cuesti\u00f3n es recurrente?<\/li>\n<li>\u00bfEl caso importa una lecci\u00f3n?<\/li>\n<\/ul>\n<p><strong>(4) <i>Los recursos necesarios, por ejemplo: <\/i><\/strong><\/p>\n<ul>\n<li>Determinar los costos y la carga burocr\u00e1tica que implicar\u00eda el caso en relaci\u00f3n con el personal y los fondos disponibles de la&nbsp;<i>ACLU Foundation of Texas<\/i>.<\/li>\n<li>\u00bfHay abogados pro bono disponibles?<\/li>\n<\/ul>\n<p><strong>En general, la ACLU Foundation of Texas no acepta los siguientes casos:<\/strong><\/p>\n<ul>\n<li>Despido sin fundamento o causa justa;<\/li>\n<li>Cuestiones familiares (divorcios, tenencia, testamentos, entre otros);<\/li>\n<li>Privaci\u00f3n de ciertos beneficios como el sueldo, el seguro de desempleo, o Seguridad Social;<\/li>\n<li>Controversias entre locador y locatario<\/li>\n<li>Asuntos migratorios; y<\/li>\n<li>Acciones penales o demandas contra el abogado por sus actuaciones en causas penales \u2014 la ACLU acepta causas penales en un limitado n\u00famero de circunstancias: si, por ejemplo, se procesa a una persona por una actividad realizada en el ejercicio de sus derechos constitucionales (participar en manifestaciones pol\u00edticas) o si la ley u ordenanza en base a la cual se entabla la acusaci\u00f3n puede ser declarada inconstitucional.<\/li>\n<\/ul>\n<p>Preste atenci\u00f3n a las consideraciones precedentes antes de entablar una demanda. A\u00fan cuando su acci\u00f3n cumpla con ellas, la presentaci\u00f3n de la demanda no garantiza que la&nbsp;<i>ACLU Foundation of Texas<\/i> vaya a prestar la asistencia legal solicitada. Antes de llevar a cabo cualquier tipo de asesoramiento legal, es necesario que se suscriba un contrato escrito con el representante de la&nbsp;<i>ACLU Foundation of Texas<\/i>.<\/p>\n<p><a href=\"https:\/\/intake.aclutx.org\/index.php?lang=Spanish\"><strong>Si le gustar\u00eda presentar una queja, haga clic aqu\u00ed para llenar nuestro Formulario Legal de Texas<\/strong>.<\/a><\/p>\n","protected":false},"excerpt":{"rendered":"<p>Lea la informaci\u00f3n detallada a continuaci\u00f3n y complete los datos. La ACLU de&nbsp;Texas no trabaja con denuncias efectuadas por tel\u00e9fono o personalmente por presentaci\u00f3n espont\u00e1nea. El formulario de denuncia de la ACLU Foundation of Texas se dise\u00f1\u00f3 para facilitar la evaluaci\u00f3n de las violaciones alegadas. Sea lo m\u00e1s espec\u00edfico y detallado posible al completar el [&hellip;]<\/p>\n","protected":false},"author":5,"featured_media":0,"parent":0,"menu_order":0,"comment_status":"closed","ping_status":"closed","template":"","meta":{"_acf_changed":false,"_relevanssi_hide_post":"","_relevanssi_hide_content":"","_relevanssi_pin_for_all":"","_relevanssi_pin_keywords":"","_relevanssi_unpin_keywords":"","_relevanssi_related_keywords":"","_relevanssi_related_include_ids":"","_relevanssi_related_exclude_ids":"","_relevanssi_related_no_append":"","_relevanssi_related_not_related":"","_relevanssi_related_posts":"","_relevanssi_noindex_reason":"","footnotes":""},"class_list":["post-1758","page","type-page","status-publish","hentry"],"acf":{"layout":"default","header-group":{"header-description":"","show-subnav":false,"hide-from-subnav":false},"components":[{"acf_fc_layout":"text","text":{"text":"Lea la informaci\u00f3n detallada a continuaci\u00f3n y complete los datos. La ACLU de Texas no trabaja con denuncias efectuadas por tel\u00e9fono o personalmente por presentaci\u00f3n espont\u00e1nea.\n\nEl formulario de denuncia de la ACLU Foundation of Texas se dise\u00f1\u00f3 para facilitar la evaluaci\u00f3n de las violaciones alegadas. Sea lo m\u00e1s espec\u00edfico y detallado posible al completar el formulario; es muy importante que todas las respuestas sean precisas y completas.\n\nEl objetivo de la ACLU Foundation of Texas es la resoluci\u00f3n de las violaciones a las garant\u00edas constitucionales.\n\nSin embargo, no contamos con recursos suficientes y, por lo tanto, trabajamos con casos de material importancia constitucional o referidos a las garant\u00edas constitucionales que afecten a los individuos en general. No podemos aceptar todos los casos que se nos presenten. La ACLU Foundation of Texas debe avocar sus escasos recursos a las causas de mayor envergadura; nos vemos restringidos en el n\u00famero de casos que podemos aceptar, a\u00fan cuando \u00e9stos involucren serias violaciones a los derechos. Si nuestra sede no acepta trabajar con alguna denuncia efectuada por Ud. no implica que el caso carezca de m\u00e9rito.\n\nEn caso de necesitar mayor informaci\u00f3n, tenemos su direcci\u00f3n y\/o tel\u00e9fono para solicitar la documentaci\u00f3n pertinente. Los archivos se eliminan luego de transcurridos seis meses.\n\nPuede ocurrir que su acci\u00f3n o denuncia est\u00e9n sujetas a plazos liberatorios. Si tiene razones para pensar que su acci\u00f3n est\u00e1 pronta a prescribir, debe recurrir a la ayuda profesional de un abogado particular en lugar de recurrir al proceso de denuncia de la ACLU para proteger su derecho. La ACLU no ofrece un servicio de asignaci\u00f3n de abogados. Puede consultar los siguientes sitios para acceder a listados de abogados o a informaci\u00f3n sobre organizaciones que prestan asistencia legal a ciudadanos de bajos recursos en Texas:\n\n<ul><li><strong><a href=\"http:\/\/www.texasbar.com\/\">Texas Bar Lawyer Referral Service<\/a><\/strong> (haga clic en \u201cfind a lawyer\u201d) o comun\u00edquese al 1-877-9TEXBAR (l\u00ednea gratuita)<\/li><li><strong><a href=\"http:\/\/www.trla.org\/\">Texas Rio Grande Legal Aid<\/a><\/strong> or llame sin costo al 1-888-988-9996<\/li><li><strong><a href=\"http:\/\/www.texasatj.org\/\">Texas Access to Justice Commission<\/a><\/strong> (haga clic en \u201cfind legal assistance\u201d) o comun\u00edquese al 800-204-2222 int. 2155<\/li><li><strong><a href=\"http:\/\/www.texaslawhelp.org\/tx\/index.cfm\">Texas Law Help<\/a><\/strong><\/li><\/ul>\n\n<strong>Casos en los cuales trabajamos<\/strong><br>Lea la informaci\u00f3n detallada a continuaci\u00f3n y complete los datos referidos a su solicitud seg\u00fan se piden. Al decidir si aceptar un caso, la ACLU Foundation of Texas analiza las siguientes consideraciones:\n\n<strong>(1) <i>\u00bfEl caso involucra garant\u00edas constitucionales y derechos civiles?<\/i><\/strong><br>Las garant\u00edas constitucionales incluyen la libertad de expresi\u00f3n, de prensa, de culto y de asociaci\u00f3n; la legalidad procesal; la igualdad jur\u00eddica; y el derecho a la privacidad. Los derechos civiles incluyen, entre otros, el derecho al sufragio; la protecci\u00f3n frente a actos de discriminaci\u00f3n por causa de discapacidad, origen racial, g\u00e9nero, orientaci\u00f3n sexual, origen religioso o nacionalidad y reformas policiales.\n\nDada la particular naturaleza de los reclamos por violaciones a garant\u00edas constitucionales, no es com\u00fan que la ACLU Foundation of Texas acepte casos en los cuales no est\u00e9 involucrado el Estado.\n\nSi desea conocer cu\u00e1les son los casos con los cuales trabaja la ACLU, visite el sitio de Internet <strong><a href=\"http:\/\/www.aclu.org\/\">de la ACLU nacional<\/a><\/strong>.\n\n<strong>(2) <i> \u00bfExisten posibilidades de que el tribunal se expida sobre la garant\u00eda constitucional en cuesti\u00f3n? <\/i><\/strong><br>La ACLU com\u00fanmente trabaja con casos que no involucran hechos controvertidos que sean muy complicados sino aquellos que impliquen simplemente una cuesti\u00f3n de derecho. Un ejemplo de un caso con hechos controvertidos muy intricados es una acci\u00f3n por discriminaci\u00f3n en el lugar de trabajo: el empleador alega que el despido se efectu\u00f3 por mal desempe\u00f1o y cuenta con pruebas s\u00f3lidas para demostrarlo, mientras que el empleado presenta objeciones a dichos medios de prueba y los que \u00e9ste presenta tambi\u00e9n cuentan con credibilidad. Dado que las acciones laborales dependen en alto grado de los alegatos de hecho, es poco frecuente que la <i>ACLU Foundation of Texas<\/i> acepte trabajar en estos casos.\n\nEn general, no aceptamos trabajar con casos con hechos controvertidos porque: (1) si el juzgado falla en favor de la parte contraria, puede ocurrir que no llegue a revisar la cuesti\u00f3n referida a las garant\u00edas constitucionales o derechos civiles; (2) si la decisi\u00f3n del tribunal se funda en los hechos espec\u00edficos del caso, es muy probable que el fallo carezca de la generalidad suficiente para beneficiar a m\u00e1s personas; y (3) no contamos con el n\u00famero de abogados pro bono o remunerados necesarios para dedicar tiempo a la resoluci\u00f3n de las controversias de hecho.\n\n<strong>(3) <i>Las consecuencias en el futuro, por ejemplo: <\/i><\/strong>\n\n<ul><li>\u00bfEl fallo sentar\u00e1 jurisprudencia respecto de la garant\u00eda constitucional en cuesti\u00f3n?<\/li><li>\u00bfEl fallo reforzar\u00e1 la jurisprudencia existente, la cual ha pasado inadvertida?<\/li><li>\u00bfQu\u00e9 margen de \u00e9xito o p\u00e9rdida del caso existe?<\/li><li>\u00bfLa cuesti\u00f3n es recurrente?<\/li><li>\u00bfEl caso importa una lecci\u00f3n?<\/li><\/ul>\n\n<strong>(4) <i>Los recursos necesarios, por ejemplo: <\/i><\/strong>\n\n<ul><li>Determinar los costos y la carga burocr\u00e1tica que implicar\u00eda el caso en relaci\u00f3n con el personal y los fondos disponibles de la <i>ACLU Foundation of Texas<\/i>.<\/li><li>\u00bfHay abogados pro bono disponibles?<\/li><\/ul>\n\n<strong>En general, la ACLU Foundation of Texas no acepta los siguientes casos:<\/strong>\n\n<ul><li>Despido sin fundamento o causa justa;<\/li><li>Cuestiones familiares (divorcios, tenencia, testamentos, entre otros);<\/li><li>Privaci\u00f3n de ciertos beneficios como el sueldo, el seguro de desempleo, o Seguridad Social;<\/li><li>Controversias entre locador y locatario<\/li><li>Asuntos migratorios; y<\/li><li>Acciones penales o demandas contra el abogado por sus actuaciones en causas penales \u2014 la ACLU acepta causas penales en un limitado n\u00famero de circunstancias: si, por ejemplo, se procesa a una persona por una actividad realizada en el ejercicio de sus derechos constitucionales (participar en manifestaciones pol\u00edticas) o si la ley u ordenanza en base a la cual se entabla la acusaci\u00f3n puede ser declarada inconstitucional.<\/li><\/ul>\n\nPreste atenci\u00f3n a las consideraciones precedentes antes de entablar una demanda. A\u00fan cuando su acci\u00f3n cumpla con ellas, la presentaci\u00f3n de la demanda no garantiza que la <i>ACLU Foundation of Texas<\/i> vaya a prestar la asistencia legal solicitada. Antes de llevar a cabo cualquier tipo de asesoramiento legal, es necesario que se suscriba un contrato escrito con el representante de la <i>ACLU Foundation of Texas<\/i>.\n\n<a href=\"https:\/\/intake.aclutx.org\/index.php?lang=Spanish\"><strong>Si le gustar\u00eda presentar una queja, haga clic aqu\u00ed para llenar nuestro Formulario Legal de Texas<\/strong>.<\/a>"}},{"acf_fc_layout":"heading","heading":{"":null,"text":"","anchor":"","sub-heading":"","type":"h2","heading-style":"standard"}},{"acf_fc_layout":"text","text":{"text":""}},{"acf_fc_layout":"heading","heading":{"":null,"text":"","anchor":"","sub-heading":"","type":"h2","heading-style":"standard"}},{"acf_fc_layout":"text","text":{"text":""}},{"acf_fc_layout":"buttons","buttons":{"primary":{"text":"","link":""},"secondary":{"text":"","link":""}}},{"acf_fc_layout":"heading","heading":{"":null,"text":"","anchor":"","sub-heading":"","type":"h2","heading-style":"standard"}},{"acf_fc_layout":"text","text":{"text":""}}],"section":null,"issues":"","related_content":"","documents":null},"yoast_head":"<!-- This site is optimized with the Yoast SEO plugin v24.9 - https:\/\/yoast.com\/wordpress\/plugins\/seo\/ -->\n<title>Solicitud de Asistencia Legal - ACLU of Texas<\/title>\n<meta name=\"robots\" content=\"index, follow, max-snippet:-1, max-image-preview:large, max-video-preview:-1\" \/>\n<link rel=\"canonical\" href=\"https:\/\/www.aclutx.org\/es\/solicitud-de-asistencia-legal\/\" \/>\n<meta property=\"og:locale\" content=\"es_ES\" \/>\n<meta property=\"og:type\" content=\"article\" \/>\n<meta property=\"og:title\" content=\"Solicitud de Asistencia Legal - ACLU of Texas\" \/>\n<meta property=\"og:description\" content=\"Lea la informaci\u00f3n detallada a continuaci\u00f3n y complete los datos. La ACLU de&nbsp;Texas no trabaja con denuncias efectuadas por tel\u00e9fono o personalmente por presentaci\u00f3n espont\u00e1nea. El formulario de denuncia de la ACLU Foundation of Texas se dise\u00f1\u00f3 para facilitar la evaluaci\u00f3n de las violaciones alegadas. Sea lo m\u00e1s espec\u00edfico y detallado posible al completar el [&hellip;]\" \/>\n<meta property=\"og:url\" content=\"https:\/\/www.aclutx.org\/es\/solicitud-de-asistencia-legal\/\" \/>\n<meta property=\"og:site_name\" content=\"ACLU of Texas\" \/>\n<meta property=\"article:modified_time\" content=\"2015-12-01T06:00:00+00:00\" \/>\n<meta property=\"og:image\" content=\"https:\/\/www.aclutx.org\/app\/themes\/aclu-parent\/img\/default_fb_share.jpg\" \/>\n<meta name=\"twitter:card\" content=\"summary_large_image\" \/>\n<script type=\"application\/ld+json\" class=\"yoast-schema-graph\">{\"@context\":\"https:\/\/schema.org\",\"@graph\":[{\"@type\":\"WebPage\",\"@id\":\"https:\/\/www.aclutx.org\/es\/solicitud-de-asistencia-legal\/\",\"url\":\"https:\/\/www.aclutx.org\/es\/solicitud-de-asistencia-legal\/\",\"name\":\"Solicitud de Asistencia Legal - ACLU of Texas\",\"isPartOf\":{\"@id\":\"https:\/\/www.aclutx.org\/#website\"},\"datePublished\":\"2015-12-01T00:00:00+00:00\",\"dateModified\":\"2015-12-01T06:00:00+00:00\",\"inLanguage\":\"es-ES\",\"potentialAction\":[{\"@type\":\"ReadAction\",\"target\":[\"https:\/\/www.aclutx.org\/es\/solicitud-de-asistencia-legal\/\"]}]},{\"@type\":\"WebSite\",\"@id\":\"https:\/\/www.aclutx.org\/#website\",\"url\":\"https:\/\/www.aclutx.org\/\",\"name\":\"ACLU of Texas\",\"description\":\"\",\"publisher\":{\"@id\":\"https:\/\/www.aclutx.org\/#organization\"},\"potentialAction\":[{\"@type\":\"SearchAction\",\"target\":{\"@type\":\"EntryPoint\",\"urlTemplate\":\"https:\/\/www.aclutx.org\/?s={search_term_string}\"},\"query-input\":{\"@type\":\"PropertyValueSpecification\",\"valueRequired\":true,\"valueName\":\"search_term_string\"}}],\"inLanguage\":\"es-ES\"},{\"@type\":\"Organization\",\"@id\":\"https:\/\/www.aclutx.org\/#organization\",\"name\":\"ACLU of Texas\",\"url\":\"https:\/\/www.aclutx.org\/\",\"logo\":{\"@type\":\"ImageObject\",\"inLanguage\":\"es-ES\",\"@id\":\"https:\/\/www.aclutx.org\/#\/schema\/logo\/image\/\",\"url\":\"https:\/\/www.aclutx.org\/app\/uploads\/2025\/08\/Texas_Color-Logo_RGB-1.png\",\"contentUrl\":\"https:\/\/www.aclutx.org\/app\/uploads\/2025\/08\/Texas_Color-Logo_RGB-1.png\",\"width\":2000,\"height\":2000,\"caption\":\"ACLU of Texas\"},\"image\":{\"@id\":\"https:\/\/www.aclutx.org\/#\/schema\/logo\/image\/\"}}]}<\/script>\n<!-- \/ Yoast SEO plugin. -->","yoast_head_json":{"title":"Solicitud de Asistencia Legal - ACLU of Texas","robots":{"index":"index","follow":"follow","max-snippet":"max-snippet:-1","max-image-preview":"max-image-preview:large","max-video-preview":"max-video-preview:-1"},"canonical":"https:\/\/www.aclutx.org\/es\/solicitud-de-asistencia-legal\/","og_locale":"es_ES","og_type":"article","og_title":"Solicitud de Asistencia Legal - ACLU of Texas","og_description":"Lea la informaci\u00f3n detallada a continuaci\u00f3n y complete los datos. La ACLU de&nbsp;Texas no trabaja con denuncias efectuadas por tel\u00e9fono o personalmente por presentaci\u00f3n espont\u00e1nea. El formulario de denuncia de la ACLU Foundation of Texas se dise\u00f1\u00f3 para facilitar la evaluaci\u00f3n de las violaciones alegadas. Sea lo m\u00e1s espec\u00edfico y detallado posible al completar el [&hellip;]","og_url":"https:\/\/www.aclutx.org\/es\/solicitud-de-asistencia-legal\/","og_site_name":"ACLU of Texas","article_modified_time":"2015-12-01T06:00:00+00:00","og_image":[{"url":"https:\/\/www.aclutx.org\/app\/themes\/aclu-parent\/img\/default_fb_share.jpg","type":"","width":"","height":""}],"twitter_card":"summary_large_image","schema":{"@context":"https:\/\/schema.org","@graph":[{"@type":"WebPage","@id":"https:\/\/www.aclutx.org\/es\/solicitud-de-asistencia-legal\/","url":"https:\/\/www.aclutx.org\/es\/solicitud-de-asistencia-legal\/","name":"Solicitud de Asistencia Legal - ACLU of Texas","isPartOf":{"@id":"https:\/\/www.aclutx.org\/#website"},"datePublished":"2015-12-01T00:00:00+00:00","dateModified":"2015-12-01T06:00:00+00:00","inLanguage":"es-ES","potentialAction":[{"@type":"ReadAction","target":["https:\/\/www.aclutx.org\/es\/solicitud-de-asistencia-legal\/"]}]},{"@type":"WebSite","@id":"https:\/\/www.aclutx.org\/#website","url":"https:\/\/www.aclutx.org\/","name":"ACLU of Texas","description":"","publisher":{"@id":"https:\/\/www.aclutx.org\/#organization"},"potentialAction":[{"@type":"SearchAction","target":{"@type":"EntryPoint","urlTemplate":"https:\/\/www.aclutx.org\/?s={search_term_string}"},"query-input":{"@type":"PropertyValueSpecification","valueRequired":true,"valueName":"search_term_string"}}],"inLanguage":"es-ES"},{"@type":"Organization","@id":"https:\/\/www.aclutx.org\/#organization","name":"ACLU of Texas","url":"https:\/\/www.aclutx.org\/","logo":{"@type":"ImageObject","inLanguage":"es-ES","@id":"https:\/\/www.aclutx.org\/#\/schema\/logo\/image\/","url":"https:\/\/www.aclutx.org\/app\/uploads\/2025\/08\/Texas_Color-Logo_RGB-1.png","contentUrl":"https:\/\/www.aclutx.org\/app\/uploads\/2025\/08\/Texas_Color-Logo_RGB-1.png","width":2000,"height":2000,"caption":"ACLU of Texas"},"image":{"@id":"https:\/\/www.aclutx.org\/#\/schema\/logo\/image\/"}}]}},"distributor_meta":false,"distributor_terms":false,"distributor_media":false,"distributor_original_site_name":"ACLU of Texas","distributor_original_site_url":"https:\/\/www.aclutx.org\/es\/","push-errors":false,"_links":{"self":[{"href":"https:\/\/www.aclutx.org\/es\/wp-json\/wp\/v2\/pages\/1758","targetHints":{"allow":["GET"]}}],"collection":[{"href":"https:\/\/www.aclutx.org\/es\/wp-json\/wp\/v2\/pages"}],"about":[{"href":"https:\/\/www.aclutx.org\/es\/wp-json\/wp\/v2\/types\/page"}],"author":[{"embeddable":true,"href":"https:\/\/www.aclutx.org\/es\/wp-json\/wp\/v2\/users\/5"}],"replies":[{"embeddable":true,"href":"https:\/\/www.aclutx.org\/es\/wp-json\/wp\/v2\/comments?post=1758"}],"version-history":[{"count":0,"href":"https:\/\/www.aclutx.org\/es\/wp-json\/wp\/v2\/pages\/1758\/revisions"}],"wp:attachment":[{"href":"https:\/\/www.aclutx.org\/es\/wp-json\/wp\/v2\/media?parent=1758"}],"curies":[{"name":"wp","href":"https:\/\/api.w.org\/{rel}","templated":true}]}}