{"id":1763,"date":"2016-04-19T09:15:00","date_gmt":"2016-04-19T09:15:00","guid":{"rendered":"https:\/\/www.aclutx.org\/contactenos\/"},"modified":"2016-04-19T09:15:00","modified_gmt":"2016-04-19T14:15:00","slug":"contactenos","status":"publish","type":"page","link":"https:\/\/www.aclutx.org\/es\/contactenos\/","title":{"rendered":"Cont\u00e1ctenos"},"content":{"rendered":"<p>Para consultas generales, env\u00ede un correo electr\u00f3nico a <a href=\"mailto:acluinfo@aclutx.org\">acluinfo@aclutx.org<\/a> o llame al 713.942.8146. Para consultas de los medios y todos los dem\u00e1s asuntos de educaci\u00f3n p\u00fablica, <a href=\"mailto:media@aclutx.org\">media@aclutx.org<\/a> o (713) 942-8146 ext. 1020.<\/p>\n<p>Por favor no envi\u00e9 quejas legales o solicite asistencia legal a los domicilios a continuaci\u00f3n, ya que solo retrasar\u00e1 el procesamiento de su reclamo y\/ o solicitud. Si le gustar\u00eda presentar una queja, haga clic aqu\u00ed para llenar nuestro <a href=\"https:\/\/www.aclutx.org\/es\/node\/88\" target=\"_blank\">Formulario Legal de Texas<\/a>.<\/p>\n<p><strong>Oficina Central de Texas<\/strong><br \/>P.O. Box 8306<br \/>Houston, TX 77288-8306<br \/>713.942.8146<br \/>713.942.8966 fax<br \/>888.653.6498 gratuitio<\/p>\n<p><strong>Oficina de Dallas<\/strong><br \/>P.O. Box 8306<br \/>Houston, TX 77288-8306<br \/>214.346.6575<\/p>\n<p><strong>Oficina del valle del Rio Grande<\/strong><br \/>P.O. Box 6087<br \/>Brownsville, TX 78523-6087<br \/>956.465.1905<\/p>\n<p><strong>Oficina del Capitolio Estatal<\/strong><br \/>P.O. Box 12905<br \/>Austin, TX 78711-2905<br \/>512.478.7300<br \/>512.478.7303 fax<\/p>\n","protected":false},"excerpt":{"rendered":"<p>Para consultas generales, env\u00ede un correo electr\u00f3nico a acluinfo@aclutx.org o llame al 713.942.8146. Para consultas de los medios y todos los dem\u00e1s asuntos de educaci\u00f3n p\u00fablica, media@aclutx.org o (713) 942-8146 ext. 1020. Por favor no envi\u00e9 quejas legales o solicite asistencia legal a los domicilios a continuaci\u00f3n, ya que solo retrasar\u00e1 el procesamiento de su [&hellip;]<\/p>\n","protected":false},"author":5,"featured_media":0,"parent":0,"menu_order":0,"comment_status":"closed","ping_status":"closed","template":"","meta":{"_acf_changed":false,"_relevanssi_hide_post":"","_relevanssi_hide_content":"","_relevanssi_pin_for_all":"","_relevanssi_pin_keywords":"","_relevanssi_unpin_keywords":"","_relevanssi_related_keywords":"","_relevanssi_related_include_ids":"","_relevanssi_related_exclude_ids":"","_relevanssi_related_no_append":"","_relevanssi_related_not_related":"","_relevanssi_related_posts":"","_relevanssi_noindex_reason":"","footnotes":""},"class_list":["post-1763","page","type-page","status-publish","hentry"],"acf":{"layout":"default","header-group":{"header-description":"","show-subnav":false,"hide-from-subnav":false},"components":[{"acf_fc_layout":"text","text":{"text":"Para consultas generales, env\u00ede un correo electr\u00f3nico a <a href=\"mailto:acluinfo@aclutx.org\">acluinfo@aclutx.org<\/a> o llame al 713.942.8146. Para consultas de los medios y todos los dem\u00e1s asuntos de educaci\u00f3n p\u00fablica, <a href=\"mailto:media@aclutx.org\">media@aclutx.org<\/a> o (713) 942-8146 ext. 1020.\n\nPor favor no envi\u00e9 quejas legales o solicite asistencia legal a los domicilios a continuaci\u00f3n, ya que solo retrasar\u00e1 el procesamiento de su reclamo y\/ o solicitud. Si le gustar\u00eda presentar una queja, haga clic aqu\u00ed para llenar nuestro <a href=\"https:\/\/www.aclutx.org\/es\/node\/88\" target=\"_blank\">Formulario Legal de Texas<\/a>.\n\n<strong>Oficina Central de Texas<\/strong><br>P.O. Box 8306<br>Houston, TX 77288-8306<br>713.942.8146<br>713.942.8966 fax<br>888.653.6498 gratuitio\n\n<strong>Oficina de Dallas<\/strong><br>P.O. Box 8306<br>Houston, TX 77288-8306<br>214.346.6575\n\n<strong>Oficina del valle del Rio Grande<\/strong><br>P.O. Box 6087<br>Brownsville, TX 78523-6087<br>956.465.1905\n\n<strong>Oficina del Capitolio Estatal<\/strong><br>P.O. Box 12905<br>Austin, TX 78711-2905<br>512.478.7300<br>512.478.7303 fax"}}],"section":null,"issues":null,"related_content":[],"documents":null},"yoast_head":"<!-- This site is optimized with the Yoast SEO plugin v24.9 - https:\/\/yoast.com\/wordpress\/plugins\/seo\/ -->\n<title>Cont\u00e1ctenos - ACLU of Texas<\/title>\n<meta name=\"robots\" content=\"index, follow, max-snippet:-1, max-image-preview:large, max-video-preview:-1\" \/>\n<link rel=\"canonical\" href=\"https:\/\/www.aclutx.org\/es\/contactenos\/\" \/>\n<meta property=\"og:locale\" content=\"es_ES\" \/>\n<meta property=\"og:type\" content=\"article\" \/>\n<meta property=\"og:title\" content=\"Cont\u00e1ctenos - ACLU of Texas\" \/>\n<meta property=\"og:description\" content=\"Para consultas generales, env\u00ede un correo electr\u00f3nico a acluinfo@aclutx.org o llame al 713.942.8146. Para consultas de los medios y todos los dem\u00e1s asuntos de educaci\u00f3n p\u00fablica, media@aclutx.org o (713) 942-8146 ext. 1020. Por favor no envi\u00e9 quejas legales o solicite asistencia legal a los domicilios a continuaci\u00f3n, ya que solo retrasar\u00e1 el procesamiento de su [&hellip;]\" \/>\n<meta property=\"og:url\" content=\"https:\/\/www.aclutx.org\/es\/contactenos\/\" \/>\n<meta property=\"og:site_name\" content=\"ACLU of Texas\" \/>\n<meta property=\"article:modified_time\" content=\"2016-04-19T14:15:00+00:00\" \/>\n<meta property=\"og:image\" content=\"https:\/\/www.aclutx.org\/app\/themes\/aclu-parent\/img\/default_fb_share.jpg\" \/>\n<meta name=\"twitter:card\" content=\"summary_large_image\" \/>\n<script type=\"application\/ld+json\" class=\"yoast-schema-graph\">{\"@context\":\"https:\/\/schema.org\",\"@graph\":[{\"@type\":\"WebPage\",\"@id\":\"https:\/\/www.aclutx.org\/es\/contactenos\/\",\"url\":\"https:\/\/www.aclutx.org\/es\/contactenos\/\",\"name\":\"Cont\u00e1ctenos - ACLU of Texas\",\"isPartOf\":{\"@id\":\"https:\/\/www.aclutx.org\/#website\"},\"datePublished\":\"2016-04-19T09:15:00+00:00\",\"dateModified\":\"2016-04-19T14:15:00+00:00\",\"inLanguage\":\"es-ES\",\"potentialAction\":[{\"@type\":\"ReadAction\",\"target\":[\"https:\/\/www.aclutx.org\/es\/contactenos\/\"]}]},{\"@type\":\"WebSite\",\"@id\":\"https:\/\/www.aclutx.org\/#website\",\"url\":\"https:\/\/www.aclutx.org\/\",\"name\":\"ACLU of Texas\",\"description\":\"\",\"publisher\":{\"@id\":\"https:\/\/www.aclutx.org\/#organization\"},\"potentialAction\":[{\"@type\":\"SearchAction\",\"target\":{\"@type\":\"EntryPoint\",\"urlTemplate\":\"https:\/\/www.aclutx.org\/?s={search_term_string}\"},\"query-input\":{\"@type\":\"PropertyValueSpecification\",\"valueRequired\":true,\"valueName\":\"search_term_string\"}}],\"inLanguage\":\"es-ES\"},{\"@type\":\"Organization\",\"@id\":\"https:\/\/www.aclutx.org\/#organization\",\"name\":\"ACLU of Texas\",\"url\":\"https:\/\/www.aclutx.org\/\",\"logo\":{\"@type\":\"ImageObject\",\"inLanguage\":\"es-ES\",\"@id\":\"https:\/\/www.aclutx.org\/#\/schema\/logo\/image\/\",\"url\":\"https:\/\/www.aclutx.org\/app\/uploads\/2025\/08\/Texas_Color-Logo_RGB-1.png\",\"contentUrl\":\"https:\/\/www.aclutx.org\/app\/uploads\/2025\/08\/Texas_Color-Logo_RGB-1.png\",\"width\":2000,\"height\":2000,\"caption\":\"ACLU of Texas\"},\"image\":{\"@id\":\"https:\/\/www.aclutx.org\/#\/schema\/logo\/image\/\"}}]}<\/script>\n<!-- \/ Yoast SEO plugin. -->","yoast_head_json":{"title":"Cont\u00e1ctenos - ACLU of Texas","robots":{"index":"index","follow":"follow","max-snippet":"max-snippet:-1","max-image-preview":"max-image-preview:large","max-video-preview":"max-video-preview:-1"},"canonical":"https:\/\/www.aclutx.org\/es\/contactenos\/","og_locale":"es_ES","og_type":"article","og_title":"Cont\u00e1ctenos - ACLU of Texas","og_description":"Para consultas generales, env\u00ede un correo electr\u00f3nico a acluinfo@aclutx.org o llame al 713.942.8146. Para consultas de los medios y todos los dem\u00e1s asuntos de educaci\u00f3n p\u00fablica, media@aclutx.org o (713) 942-8146 ext. 1020. Por favor no envi\u00e9 quejas legales o solicite asistencia legal a los domicilios a continuaci\u00f3n, ya que solo retrasar\u00e1 el procesamiento de su [&hellip;]","og_url":"https:\/\/www.aclutx.org\/es\/contactenos\/","og_site_name":"ACLU of Texas","article_modified_time":"2016-04-19T14:15:00+00:00","og_image":[{"url":"https:\/\/www.aclutx.org\/app\/themes\/aclu-parent\/img\/default_fb_share.jpg","type":"","width":"","height":""}],"twitter_card":"summary_large_image","schema":{"@context":"https:\/\/schema.org","@graph":[{"@type":"WebPage","@id":"https:\/\/www.aclutx.org\/es\/contactenos\/","url":"https:\/\/www.aclutx.org\/es\/contactenos\/","name":"Cont\u00e1ctenos - ACLU of Texas","isPartOf":{"@id":"https:\/\/www.aclutx.org\/#website"},"datePublished":"2016-04-19T09:15:00+00:00","dateModified":"2016-04-19T14:15:00+00:00","inLanguage":"es-ES","potentialAction":[{"@type":"ReadAction","target":["https:\/\/www.aclutx.org\/es\/contactenos\/"]}]},{"@type":"WebSite","@id":"https:\/\/www.aclutx.org\/#website","url":"https:\/\/www.aclutx.org\/","name":"ACLU of Texas","description":"","publisher":{"@id":"https:\/\/www.aclutx.org\/#organization"},"potentialAction":[{"@type":"SearchAction","target":{"@type":"EntryPoint","urlTemplate":"https:\/\/www.aclutx.org\/?s={search_term_string}"},"query-input":{"@type":"PropertyValueSpecification","valueRequired":true,"valueName":"search_term_string"}}],"inLanguage":"es-ES"},{"@type":"Organization","@id":"https:\/\/www.aclutx.org\/#organization","name":"ACLU of Texas","url":"https:\/\/www.aclutx.org\/","logo":{"@type":"ImageObject","inLanguage":"es-ES","@id":"https:\/\/www.aclutx.org\/#\/schema\/logo\/image\/","url":"https:\/\/www.aclutx.org\/app\/uploads\/2025\/08\/Texas_Color-Logo_RGB-1.png","contentUrl":"https:\/\/www.aclutx.org\/app\/uploads\/2025\/08\/Texas_Color-Logo_RGB-1.png","width":2000,"height":2000,"caption":"ACLU of Texas"},"image":{"@id":"https:\/\/www.aclutx.org\/#\/schema\/logo\/image\/"}}]}},"distributor_meta":false,"distributor_terms":false,"distributor_media":false,"distributor_original_site_name":"ACLU of Texas","distributor_original_site_url":"https:\/\/www.aclutx.org\/es\/","push-errors":false,"_links":{"self":[{"href":"https:\/\/www.aclutx.org\/es\/wp-json\/wp\/v2\/pages\/1763","targetHints":{"allow":["GET"]}}],"collection":[{"href":"https:\/\/www.aclutx.org\/es\/wp-json\/wp\/v2\/pages"}],"about":[{"href":"https:\/\/www.aclutx.org\/es\/wp-json\/wp\/v2\/types\/page"}],"author":[{"embeddable":true,"href":"https:\/\/www.aclutx.org\/es\/wp-json\/wp\/v2\/users\/5"}],"replies":[{"embeddable":true,"href":"https:\/\/www.aclutx.org\/es\/wp-json\/wp\/v2\/comments?post=1763"}],"version-history":[{"count":0,"href":"https:\/\/www.aclutx.org\/es\/wp-json\/wp\/v2\/pages\/1763\/revisions"}],"wp:attachment":[{"href":"https:\/\/www.aclutx.org\/es\/wp-json\/wp\/v2\/media?parent=1763"}],"curies":[{"name":"wp","href":"https:\/\/api.w.org\/{rel}","templated":true}]}}